{"id":3378,"date":"2026-03-31T22:57:45","date_gmt":"2026-03-31T22:57:45","guid":{"rendered":"https:\/\/fandi.xtern-solution.de\/?page_id=3378"},"modified":"2026-04-03T22:13:24","modified_gmt":"2026-04-03T22:13:24","slug":"impressum","status":"publish","type":"page","link":"https:\/\/fandishausmeister.de\/index.php\/impressum\/","title":{"rendered":"Impressum"},"content":{"rendered":"\t\t<div data-elementor-type=\"wp-page\" data-elementor-id=\"3378\" class=\"elementor elementor-3378\">\n\t\t\t\t<div class=\"elementor-element elementor-element-8e8204b e-flex e-con-boxed e-con e-parent\" data-id=\"8e8204b\" data-element_type=\"container\" data-e-type=\"container\">\n\t\t\t\t\t<div class=\"e-con-inner\">\n\t\t\t\t<div class=\"elementor-element elementor-element-8f164ac elementor-widget elementor-widget-text-editor\" data-id=\"8f164ac\" data-element_type=\"widget\" data-e-type=\"widget\" data-widget_type=\"text-editor.default\">\n\t\t\t\t\t\t\t\t\t<h2>Impressum<\/h2><p><strong>Verantwortlich f\u00fcr den Inhalt<\/strong> <br \/>Mahmoud Fandi\u00a0 <br \/>L\u00f6hlstr. 3, 76709 Kronau <br \/>Tel: 0152 28773096 <br \/>E-Mail: <a href=\"mailto:info@fandishausmeister.de\">info@fandishausmeister.de<\/a> <br \/><br \/>Gesch\u00e4ftsf\u00fchrer: Mahmoud Fandi <br \/>Amtsgericht Bruchsal <br \/>Registernummer\u00a0\u00a0 <br \/>Umsatzsteuer-Identifikationsnummer <br \/>DE 368801097\u00a0 <br \/>Redaktionell Verantwortlicher: Rodaina Fandi<\/p>\t\t\t\t\t\t\t\t<\/div>\n\t\t\t\t\t<\/div>\n\t\t\t\t<\/div>\n\t\t\t\t<\/div>\n\t\t","protected":false},"excerpt":{"rendered":"<p>Impressum Verantwortlich f\u00fcr den Inhalt Mahmoud Fandi\u00a0 L\u00f6hlstr. 3, 76709 Kronau Tel: 0152 28773096 E-Mail: info@fandishausmeister.de Gesch\u00e4ftsf\u00fchrer: Mahmoud Fandi Amtsgericht Bruchsal Registernummer\u00a0\u00a0 Umsatzsteuer-Identifikationsnummer DE 368801097\u00a0 Redaktionell Verantwortlicher: Rodaina Fandi<\/p>\n","protected":false},"author":1,"featured_media":3032,"parent":0,"menu_order":0,"comment_status":"closed","ping_status":"closed","template":"","meta":{"_kad_post_transparent":"","_kad_post_title":"default","_kad_post_layout":"default","_kad_post_sidebar_id":"","_kad_post_content_style":"default","_kad_post_vertical_padding":"hide","_kad_post_feature":"default","_kad_post_feature_position":"","_kad_post_header":false,"_kad_post_footer":false,"footnotes":""},"class_list":["post-3378","page","type-page","status-publish","has-post-thumbnail","hentry"],"_links":{"self":[{"href":"https:\/\/fandishausmeister.de\/index.php\/wp-json\/wp\/v2\/pages\/3378","targetHints":{"allow":["GET"]}}],"collection":[{"href":"https:\/\/fandishausmeister.de\/index.php\/wp-json\/wp\/v2\/pages"}],"about":[{"href":"https:\/\/fandishausmeister.de\/index.php\/wp-json\/wp\/v2\/types\/page"}],"author":[{"embeddable":true,"href":"https:\/\/fandishausmeister.de\/index.php\/wp-json\/wp\/v2\/users\/1"}],"replies":[{"embeddable":true,"href":"https:\/\/fandishausmeister.de\/index.php\/wp-json\/wp\/v2\/comments?post=3378"}],"version-history":[{"count":5,"href":"https:\/\/fandishausmeister.de\/index.php\/wp-json\/wp\/v2\/pages\/3378\/revisions"}],"predecessor-version":[{"id":3442,"href":"https:\/\/fandishausmeister.de\/index.php\/wp-json\/wp\/v2\/pages\/3378\/revisions\/3442"}],"wp:featuredmedia":[{"embeddable":true,"href":"https:\/\/fandishausmeister.de\/index.php\/wp-json\/wp\/v2\/media\/3032"}],"wp:attachment":[{"href":"https:\/\/fandishausmeister.de\/index.php\/wp-json\/wp\/v2\/media?parent=3378"}],"curies":[{"name":"wp","href":"https:\/\/api.w.org\/{rel}","templated":true}]}}