{"id":3327,"date":"2026-03-31T21:57:01","date_gmt":"2026-03-31T21:57:01","guid":{"rendered":"https:\/\/fandi.xtern-solution.de\/?page_id=3327"},"modified":"2026-04-03T21:16:38","modified_gmt":"2026-04-03T21:16:38","slug":"winterdienst","status":"publish","type":"page","link":"https:\/\/fandishausmeister.de\/index.php\/winterdienst\/","title":{"rendered":"Winterdienst"},"content":{"rendered":"\t\t<div data-elementor-type=\"wp-page\" data-elementor-id=\"3327\" class=\"elementor elementor-3327\">\n\t\t\t\t<div class=\"elementor-element elementor-element-580f7ee e-flex e-con-boxed e-con e-parent\" data-id=\"580f7ee\" data-element_type=\"container\" data-e-type=\"container\">\n\t\t\t\t\t<div class=\"e-con-inner\">\n\t\t<div class=\"elementor-element elementor-element-3702942 e-con-full e-flex e-con e-child\" data-id=\"3702942\" data-element_type=\"container\" data-e-type=\"container\">\n\t\t\t\t<div class=\"elementor-element elementor-element-4b26c77 elementor-widget elementor-widget-image\" data-id=\"4b26c77\" data-element_type=\"widget\" data-e-type=\"widget\" data-widget_type=\"image.default\">\n\t\t\t\t\t\t\t\t\t\t\t\t\t\t\t<img fetchpriority=\"high\" decoding=\"async\" width=\"380\" height=\"300\" src=\"https:\/\/fandishausmeister.de\/wp-content\/uploads\/2026\/03\/Winterdienst-Photoroom.jpg\" class=\"attachment-large size-large wp-image-3358\" alt=\"Winterdienst\" srcset=\"https:\/\/fandishausmeister.de\/wp-content\/uploads\/2026\/03\/Winterdienst-Photoroom.jpg 380w, https:\/\/fandishausmeister.de\/wp-content\/uploads\/2026\/03\/Winterdienst-Photoroom-300x237.jpg 300w\" sizes=\"(max-width: 380px) 100vw, 380px\" \/>\t\t\t\t\t\t\t\t\t\t\t\t\t\t\t<\/div>\n\t\t\t\t<\/div>\n\t\t<div class=\"elementor-element elementor-element-765c7f4 e-con-full e-flex e-con e-child\" data-id=\"765c7f4\" data-element_type=\"container\" data-e-type=\"container\">\n\t\t\t\t<div class=\"elementor-element elementor-element-8012a67 elementor-widget elementor-widget-text-editor\" data-id=\"8012a67\" data-element_type=\"widget\" data-e-type=\"widget\" data-widget_type=\"text-editor.default\">\n\t\t\t\t\t\t\t\t\t<h2><strong><em>Winterdienst<\/em><\/strong><\/h2><p>Wir sorgen f\u00fcr sichere Wege im Winter: zuverl\u00e4ssig, schnell und gr\u00fcndlich. Unser Winterdienst \u00fcbernimmt Schneer\u00e4umung und Streudienst f\u00fcr private, gewerbliche und \u00f6ffentliche Fl\u00e4chen. Mit flexiblem Einsatz sind wir bei jedem Wetter von 7:00 bis 21:00 Uhr f\u00fcr Sie da \u2013 damit Sie sich entspannt auf das Wesentliche konzentrieren k\u00f6nnen.<\/p>\t\t\t\t\t\t\t\t<\/div>\n\t\t\t\t<\/div>\n\t\t\t\t\t<\/div>\n\t\t\t\t<\/div>\n\t\t<div class=\"elementor-element elementor-element-3adb441 e-flex e-con-boxed e-con e-parent\" data-id=\"3adb441\" data-element_type=\"container\" data-e-type=\"container\">\n\t\t\t\t\t<div class=\"e-con-inner\">\n\t\t\t\t<div class=\"elementor-element elementor-element-9f2d575 elementor-widget elementor-widget-heading\" data-id=\"9f2d575\" data-element_type=\"widget\" data-e-type=\"widget\" data-widget_type=\"heading.default\">\n\t\t\t\t\t<h3 class=\"elementor-heading-title elementor-size-default\">JETZT KONTAKT AUFNEHMEN<\/h3>\t\t\t\t<\/div>\n\t\t\t\t\t<\/div>\n\t\t\t\t<\/div>\n\t\t<div class=\"elementor-element elementor-element-12f4ee9 e-flex e-con-boxed e-con e-parent\" data-id=\"12f4ee9\" data-element_type=\"container\" data-e-type=\"container\">\n\t\t\t\t\t<div class=\"e-con-inner\">\n\t\t\t\t<div class=\"elementor-element elementor-element-5e7ffab elementor-widget elementor-widget-wpforms\" data-id=\"5e7ffab\" data-element_type=\"widget\" data-e-type=\"widget\" data-widget_type=\"wpforms.default\">\n\t\t\t\t<div class=\"elementor-widget-container\">\n\t\t\t\t\t<div class=\"wpforms-container wpforms-container-full wpforms-render-modern\" id=\"wpforms-3411\"><form id=\"wpforms-form-3411\" class=\"wpforms-validate wpforms-form wpforms-ajax-form\" data-formid=\"3411\" method=\"post\" enctype=\"multipart\/form-data\" action=\"\/index.php\/wp-json\/wp\/v2\/pages\/3327\" data-token=\"ce25ef67376a086b73352ff462cedb0f\" data-token-time=\"1775270245\"><noscript class=\"wpforms-error-noscript\">Bitte aktiviere JavaScript in deinem Browser, um dieses Formular fertigzustellen.<\/noscript><div id=\"wpforms-error-noscript\" style=\"display: none;\">Bitte aktiviere JavaScript in deinem Browser, um dieses Formular fertigzustellen.<\/div><div class=\"wpforms-field-container\"><div id=\"wpforms-3411-field_1-container\" class=\"wpforms-field wpforms-field-name\" data-field-id=\"1\"><fieldset><legend class=\"wpforms-field-label\">Name <span class=\"wpforms-required-label\" aria-hidden=\"true\">*<\/span><\/legend><div class=\"wpforms-field-row wpforms-field-medium\"><div class=\"wpforms-field-row-block wpforms-first wpforms-one-half\"><input type=\"text\" id=\"wpforms-3411-field_1\" class=\"wpforms-field-name-first wpforms-field-required\" name=\"wpforms[fields][1][first]\" aria-errormessage=\"wpforms-3411-field_1-error\" required><label for=\"wpforms-3411-field_1\" class=\"wpforms-field-sublabel after\">Vorname<\/label><\/div><div class=\"wpforms-field-row-block wpforms-one-half\"><input type=\"text\" id=\"wpforms-3411-field_1-last\" class=\"wpforms-field-name-last wpforms-field-required\" name=\"wpforms[fields][1][last]\" aria-errormessage=\"wpforms-3411-field_1-last-error\" required><label for=\"wpforms-3411-field_1-last\" class=\"wpforms-field-sublabel after\">Nachname<\/label><\/div><\/div><\/fieldset><\/div><div id=\"wpforms-3411-field_2-container\" class=\"wpforms-field wpforms-field-email\" data-field-id=\"2\"><label class=\"wpforms-field-label\" for=\"wpforms-3411-field_2\">E-Mail-Adresse <span class=\"wpforms-required-label\" aria-hidden=\"true\">*<\/span><\/label><input type=\"email\" id=\"wpforms-3411-field_2\" class=\"wpforms-field-medium wpforms-field-required\" name=\"wpforms[fields][2]\" spellcheck=\"false\" aria-errormessage=\"wpforms-3411-field_2-error\" required><\/div><div id=\"wpforms-3411-field_4-container\" class=\"wpforms-field wpforms-field-number\" data-field-id=\"4\"><label class=\"wpforms-field-label\" for=\"wpforms-3411-field_4\">Telefonnummer<\/label><input type=\"number\" id=\"wpforms-3411-field_4\" class=\"wpforms-field-medium\" name=\"wpforms[fields][4]\" step=\"any\" aria-errormessage=\"wpforms-3411-field_4-error\" ><\/div>\t\t<div id=\"wpforms-3411-field_5-container\"\n\t\t\tclass=\"wpforms-field wpforms-field-text\"\n\t\t\tdata-field-type=\"text\"\n\t\t\tdata-field-id=\"5\"\n\t\t\t>\n\t\t\t<label class=\"wpforms-field-label\" for=\"wpforms-3411-field_5\" >Nachricht E-Mail-Adresse Kommentar<\/label>\n\t\t\t<input type=\"text\" id=\"wpforms-3411-field_5\" class=\"wpforms-field-medium\" name=\"wpforms[fields][5]\" >\n\t\t<\/div>\n\t\t<div id=\"wpforms-3411-field_3-container\" class=\"wpforms-field wpforms-field-textarea\" data-field-id=\"3\"><label class=\"wpforms-field-label\" for=\"wpforms-3411-field_3\">Kommentar oder Nachricht<\/label><textarea id=\"wpforms-3411-field_3\" class=\"wpforms-field-medium\" name=\"wpforms[fields][3]\" aria-errormessage=\"wpforms-3411-field_3-error\" ><\/textarea><\/div><script>\n\t\t\t\t( function() {\n\t\t\t\t\tconst style = document.createElement( 'style' );\n\t\t\t\t\tstyle.appendChild( document.createTextNode( '#wpforms-3411-field_5-container { position: absolute !important; overflow: hidden !important; display: inline !important; height: 1px !important; width: 1px !important; z-index: -1000 !important; padding: 0 !important; } #wpforms-3411-field_5-container input { visibility: hidden; } #wpforms-conversational-form-page #wpforms-3411-field_5-container label { counter-increment: none; }' ) );\n\t\t\t\t\tdocument.head.appendChild( style );\n\t\t\t\t\tdocument.currentScript?.remove();\n\t\t\t\t} )();\n\t\t\t<\/script><\/div><!-- .wpforms-field-container --><div class=\"wpforms-submit-container\" ><input type=\"hidden\" name=\"wpforms[id]\" value=\"3411\"><input type=\"hidden\" name=\"page_title\" value=\"\"><input type=\"hidden\" name=\"page_url\" value=\"https:\/\/fandishausmeister.de\/index.php\/wp-json\/wp\/v2\/pages\/3327\"><input type=\"hidden\" name=\"url_referer\" value=\"\"><button type=\"submit\" name=\"wpforms[submit]\" id=\"wpforms-submit-3411\" class=\"wpforms-submit\" data-alt-text=\"Wird gesendet\u00a0\u2026\" data-submit-text=\"Absenden\" aria-live=\"assertive\" value=\"wpforms-submit\">Absenden<\/button><img decoding=\"async\" src=\"https:\/\/fandishausmeister.de\/wp-content\/plugins\/wpforms-lite\/assets\/images\/submit-spin.svg\" class=\"wpforms-submit-spinner\" style=\"display: none;\" width=\"26\" height=\"26\" alt=\"Wird geladen\"><\/div><\/form><\/div>  <!-- .wpforms-container -->\t\t\t\t<\/div>\n\t\t\t\t<\/div>\n\t\t\t\t\t<\/div>\n\t\t\t\t<\/div>\n\t\t\t\t<\/div>\n\t\t","protected":false},"excerpt":{"rendered":"<p>Winterdienst Wir sorgen f\u00fcr sichere Wege im Winter: zuverl\u00e4ssig, schnell und gr\u00fcndlich. Unser Winterdienst \u00fcbernimmt Schneer\u00e4umung und Streudienst f\u00fcr private, gewerbliche und \u00f6ffentliche Fl\u00e4chen. Mit flexiblem Einsatz sind wir bei jedem Wetter von 7:00 bis 21:00 Uhr f\u00fcr Sie da \u2013 damit Sie sich entspannt auf das Wesentliche konzentrieren k\u00f6nnen. JETZT KONTAKT AUFNEHMEN Bitte aktiviere&#8230;<\/p>\n","protected":false},"author":1,"featured_media":3032,"parent":0,"menu_order":0,"comment_status":"closed","ping_status":"closed","template":"","meta":{"_kad_post_transparent":"","_kad_post_title":"default","_kad_post_layout":"default","_kad_post_sidebar_id":"","_kad_post_content_style":"unboxed","_kad_post_vertical_padding":"default","_kad_post_feature":"default","_kad_post_feature_position":"","_kad_post_header":false,"_kad_post_footer":false,"footnotes":""},"class_list":["post-3327","page","type-page","status-publish","has-post-thumbnail","hentry"],"_links":{"self":[{"href":"https:\/\/fandishausmeister.de\/index.php\/wp-json\/wp\/v2\/pages\/3327","targetHints":{"allow":["GET"]}}],"collection":[{"href":"https:\/\/fandishausmeister.de\/index.php\/wp-json\/wp\/v2\/pages"}],"about":[{"href":"https:\/\/fandishausmeister.de\/index.php\/wp-json\/wp\/v2\/types\/page"}],"author":[{"embeddable":true,"href":"https:\/\/fandishausmeister.de\/index.php\/wp-json\/wp\/v2\/users\/1"}],"replies":[{"embeddable":true,"href":"https:\/\/fandishausmeister.de\/index.php\/wp-json\/wp\/v2\/comments?post=3327"}],"version-history":[{"count":5,"href":"https:\/\/fandishausmeister.de\/index.php\/wp-json\/wp\/v2\/pages\/3327\/revisions"}],"predecessor-version":[{"id":3431,"href":"https:\/\/fandishausmeister.de\/index.php\/wp-json\/wp\/v2\/pages\/3327\/revisions\/3431"}],"wp:featuredmedia":[{"embeddable":true,"href":"https:\/\/fandishausmeister.de\/index.php\/wp-json\/wp\/v2\/media\/3032"}],"wp:attachment":[{"href":"https:\/\/fandishausmeister.de\/index.php\/wp-json\/wp\/v2\/media?parent=3327"}],"curies":[{"name":"wp","href":"https:\/\/api.w.org\/{rel}","templated":true}]}}