{"id":3304,"date":"2026-03-25T23:07:30","date_gmt":"2026-03-25T23:07:30","guid":{"rendered":"https:\/\/fandi.xtern-solution.de\/?page_id=3304"},"modified":"2026-04-03T22:16:12","modified_gmt":"2026-04-03T22:16:12","slug":"leistungen","status":"publish","type":"page","link":"https:\/\/fandishausmeister.de\/index.php\/leistungen\/","title":{"rendered":"Leistungen"},"content":{"rendered":"\t\t<div data-elementor-type=\"wp-page\" data-elementor-id=\"3304\" class=\"elementor elementor-3304\">\n\t\t\t\t<div class=\"elementor-element elementor-element-27f2653 e-flex e-con-boxed e-con e-parent\" data-id=\"27f2653\" data-element_type=\"container\" data-e-type=\"container\">\n\t\t\t\t\t<div class=\"e-con-inner\">\n\t\t\t\t<div class=\"elementor-element elementor-element-b074540 elementor-widget elementor-widget-heading\" data-id=\"b074540\" data-element_type=\"widget\" data-e-type=\"widget\" data-widget_type=\"heading.default\">\n\t\t\t\t\t<h2 class=\"elementor-heading-title elementor-size-default\">Unsere Leistungen \u2013 Rundum gut betreut<\/h2>\t\t\t\t<\/div>\n\t\t\t\t\t<\/div>\n\t\t\t\t<\/div>\n\t\t<div class=\"elementor-element elementor-element-b468e22 e-flex e-con-boxed e-con e-parent\" data-id=\"b468e22\" data-element_type=\"container\" data-e-type=\"container\">\n\t\t\t\t\t<div class=\"e-con-inner\">\n\t\t\t\t<div class=\"elementor-element elementor-element-2ab1828 elementor-widget elementor-widget-text-editor\" data-id=\"2ab1828\" data-element_type=\"widget\" data-e-type=\"widget\" data-widget_type=\"text-editor.default\">\n\t\t\t\t\t\t\t\t\t<p>Wir begleiten Sie von der ersten Idee bis zum fertigen Raum. Dabei stehen Qualit\u00e4t, Pr\u00e4zision und Kundenzufriedenheit f\u00fcr uns an erster Stelle. Ob Bodenbel\u00e4ge, Renovierung oder individuelle Projektl\u00f6sungen \u2013 wir sorgen daf\u00fcr, dass alles reibungslos umgesetzt wird. Entdecken Sie unsere Leistungen und erfahren Sie, wie wir Ihr Projekt effizient, professionell und zuverl\u00e4ssig zum Erfolg bringen.<\/p>\t\t\t\t\t\t\t\t<\/div>\n\t\t\t\t\t<\/div>\n\t\t\t\t<\/div>\n\t\t<div class=\"elementor-element elementor-element-27bae40 e-flex e-con-boxed e-con e-parent\" data-id=\"27bae40\" data-element_type=\"container\" data-e-type=\"container\">\n\t\t\t\t\t<div class=\"e-con-inner\">\n\t\t<div class=\"elementor-element elementor-element-f379a1e e-con-full e-flex e-con e-child\" data-id=\"f379a1e\" data-element_type=\"container\" data-e-type=\"container\">\n\t\t\t\t<div class=\"elementor-element elementor-element-c587201 elementor-widget elementor-widget-image\" data-id=\"c587201\" data-element_type=\"widget\" data-e-type=\"widget\" data-widget_type=\"image.default\">\n\t\t\t\t\t\t\t\t\t\t\t\t<figure class=\"wp-caption\">\n\t\t\t\t\t\t\t\t\t\t\t<a href=\"https:\/\/fandishausmeister.de\/index.php\/gebaeudereinigung\/\">\n\t\t\t\t\t\t\t<img fetchpriority=\"high\" decoding=\"async\" width=\"380\" height=\"300\" src=\"https:\/\/fandishausmeister.de\/wp-content\/uploads\/2024\/02\/services-01.jpg\" class=\"attachment-large size-large wp-image-2270\" alt=\"Geb\u00e4udereinigung\" srcset=\"https:\/\/fandishausmeister.de\/wp-content\/uploads\/2024\/02\/services-01.jpg 380w, https:\/\/fandishausmeister.de\/wp-content\/uploads\/2024\/02\/services-01-300x237.jpg 300w\" sizes=\"(max-width: 380px) 100vw, 380px\" \/>\t\t\t\t\t\t\t\t<\/a>\n\t\t\t\t\t\t\t\t\t\t\t<figcaption class=\"widget-image-caption wp-caption-text\">Geb\u00e4udereinigung<\/figcaption>\n\t\t\t\t\t\t\t\t\t\t<\/figure>\n\t\t\t\t\t\t\t\t\t<\/div>\n\t\t\t\t<\/div>\n\t\t<div class=\"elementor-element elementor-element-6324fea e-con-full e-flex e-con e-child\" data-id=\"6324fea\" data-element_type=\"container\" data-e-type=\"container\">\n\t\t\t\t<div class=\"elementor-element elementor-element-a9e1381 elementor-widget elementor-widget-image\" data-id=\"a9e1381\" data-element_type=\"widget\" data-e-type=\"widget\" data-widget_type=\"image.default\">\n\t\t\t\t\t\t\t\t\t\t\t\t<figure class=\"wp-caption\">\n\t\t\t\t\t\t\t\t\t\t\t<a href=\"https:\/\/fandishausmeister.de\/index.php\/unterhaltsreinigung\/\">\n\t\t\t\t\t\t\t<img decoding=\"async\" width=\"380\" height=\"300\" src=\"https:\/\/fandishausmeister.de\/wp-content\/uploads\/2024\/02\/services-02.jpg\" class=\"attachment-large size-large wp-image-2268\" alt=\"Unterhaltsreinigung\" srcset=\"https:\/\/fandishausmeister.de\/wp-content\/uploads\/2024\/02\/services-02.jpg 380w, https:\/\/fandishausmeister.de\/wp-content\/uploads\/2024\/02\/services-02-300x237.jpg 300w\" sizes=\"(max-width: 380px) 100vw, 380px\" \/>\t\t\t\t\t\t\t\t<\/a>\n\t\t\t\t\t\t\t\t\t\t\t<figcaption class=\"widget-image-caption wp-caption-text\">Unterhaltsreinigung<\/figcaption>\n\t\t\t\t\t\t\t\t\t\t<\/figure>\n\t\t\t\t\t\t\t\t\t<\/div>\n\t\t\t\t<\/div>\n\t\t<div class=\"elementor-element elementor-element-5217cc4 e-con-full e-flex e-con e-child\" data-id=\"5217cc4\" data-element_type=\"container\" data-e-type=\"container\">\n\t\t\t\t<div class=\"elementor-element elementor-element-0a4ef11 elementor-widget elementor-widget-image\" data-id=\"0a4ef11\" data-element_type=\"widget\" data-e-type=\"widget\" data-widget_type=\"image.default\">\n\t\t\t\t\t\t\t\t\t\t\t\t<figure class=\"wp-caption\">\n\t\t\t\t\t\t\t\t\t\t\t<a href=\"https:\/\/fandishausmeister.de\/index.php\/fensterreinigung\/\">\n\t\t\t\t\t\t\t<img decoding=\"async\" width=\"380\" height=\"300\" src=\"https:\/\/fandishausmeister.de\/wp-content\/uploads\/2024\/02\/services-03.jpg\" class=\"attachment-large size-large wp-image-2269\" alt=\"\" srcset=\"https:\/\/fandishausmeister.de\/wp-content\/uploads\/2024\/02\/services-03.jpg 380w, https:\/\/fandishausmeister.de\/wp-content\/uploads\/2024\/02\/services-03-300x237.jpg 300w\" sizes=\"(max-width: 380px) 100vw, 380px\" \/>\t\t\t\t\t\t\t\t<\/a>\n\t\t\t\t\t\t\t\t\t\t\t<figcaption class=\"widget-image-caption wp-caption-text\">Fensterreinigung<\/figcaption>\n\t\t\t\t\t\t\t\t\t\t<\/figure>\n\t\t\t\t\t\t\t\t\t<\/div>\n\t\t\t\t<\/div>\n\t\t<div class=\"elementor-element elementor-element-bd7484d e-con-full e-flex e-con e-child\" data-id=\"bd7484d\" data-element_type=\"container\" data-e-type=\"container\">\n\t\t\t\t<div class=\"elementor-element elementor-element-d1262d6 elementor-widget elementor-widget-image\" data-id=\"d1262d6\" data-element_type=\"widget\" data-e-type=\"widget\" data-widget_type=\"image.default\">\n\t\t\t\t\t\t\t\t\t\t\t\t<figure class=\"wp-caption\">\n\t\t\t\t\t\t\t\t\t\t\t<a href=\"https:\/\/fandishausmeister.de\/index.php\/gartenpflege\/\">\n\t\t\t\t\t\t\t<img loading=\"lazy\" decoding=\"async\" width=\"380\" height=\"300\" src=\"https:\/\/fandishausmeister.de\/wp-content\/uploads\/2026\/03\/Gartenpflege-Photoroom.jpg\" class=\"attachment-large size-large wp-image-3357\" alt=\"Gartenpflege\" srcset=\"https:\/\/fandishausmeister.de\/wp-content\/uploads\/2026\/03\/Gartenpflege-Photoroom.jpg 380w, https:\/\/fandishausmeister.de\/wp-content\/uploads\/2026\/03\/Gartenpflege-Photoroom-300x237.jpg 300w\" sizes=\"(max-width: 380px) 100vw, 380px\" \/>\t\t\t\t\t\t\t\t<\/a>\n\t\t\t\t\t\t\t\t\t\t\t<figcaption class=\"widget-image-caption wp-caption-text\">Gartenpflege<\/figcaption>\n\t\t\t\t\t\t\t\t\t\t<\/figure>\n\t\t\t\t\t\t\t\t\t<\/div>\n\t\t\t\t<\/div>\n\t\t<div class=\"elementor-element elementor-element-869daac e-con-full e-flex e-con e-child\" data-id=\"869daac\" data-element_type=\"container\" data-e-type=\"container\">\n\t\t\t\t<div class=\"elementor-element elementor-element-2c6b516 elementor-widget elementor-widget-image\" data-id=\"2c6b516\" data-element_type=\"widget\" data-e-type=\"widget\" data-widget_type=\"image.default\">\n\t\t\t\t\t\t\t\t\t\t\t\t<figure class=\"wp-caption\">\n\t\t\t\t\t\t\t\t\t\t\t<a href=\"https:\/\/fandishausmeister.de\/index.php\/winterdienst\/\">\n\t\t\t\t\t\t\t<img loading=\"lazy\" decoding=\"async\" width=\"380\" height=\"300\" src=\"https:\/\/fandishausmeister.de\/wp-content\/uploads\/2026\/03\/Winterdienst-Photoroom.jpg\" class=\"attachment-large size-large wp-image-3358\" alt=\"Winterdienst\" srcset=\"https:\/\/fandishausmeister.de\/wp-content\/uploads\/2026\/03\/Winterdienst-Photoroom.jpg 380w, https:\/\/fandishausmeister.de\/wp-content\/uploads\/2026\/03\/Winterdienst-Photoroom-300x237.jpg 300w\" sizes=\"(max-width: 380px) 100vw, 380px\" \/>\t\t\t\t\t\t\t\t<\/a>\n\t\t\t\t\t\t\t\t\t\t\t<figcaption class=\"widget-image-caption wp-caption-text\">Winterdienst<\/figcaption>\n\t\t\t\t\t\t\t\t\t\t<\/figure>\n\t\t\t\t\t\t\t\t\t<\/div>\n\t\t\t\t<\/div>\n\t\t<div class=\"elementor-element elementor-element-6fcce49 e-con-full e-flex e-con e-child\" data-id=\"6fcce49\" data-element_type=\"container\" data-e-type=\"container\">\n\t\t\t\t<div class=\"elementor-element elementor-element-597903d elementor-widget elementor-widget-image\" data-id=\"597903d\" data-element_type=\"widget\" data-e-type=\"widget\" data-widget_type=\"image.default\">\n\t\t\t\t\t\t\t\t\t\t\t\t<figure class=\"wp-caption\">\n\t\t\t\t\t\t\t\t\t\t\t<a href=\"https:\/\/fandishausmeister.de\/index.php\/entruempelung\/\">\n\t\t\t\t\t\t\t<img loading=\"lazy\" decoding=\"async\" width=\"380\" height=\"300\" src=\"https:\/\/fandishausmeister.de\/wp-content\/uploads\/2026\/03\/Entruempelung-Photoroom.jpg\" class=\"attachment-large size-large wp-image-3362\" alt=\"Entr\u00fcmpelung\" srcset=\"https:\/\/fandishausmeister.de\/wp-content\/uploads\/2026\/03\/Entruempelung-Photoroom.jpg 380w, https:\/\/fandishausmeister.de\/wp-content\/uploads\/2026\/03\/Entruempelung-Photoroom-300x237.jpg 300w\" sizes=\"(max-width: 380px) 100vw, 380px\" \/>\t\t\t\t\t\t\t\t<\/a>\n\t\t\t\t\t\t\t\t\t\t\t<figcaption class=\"widget-image-caption wp-caption-text\">Entr\u00fcmpelung<\/figcaption>\n\t\t\t\t\t\t\t\t\t\t<\/figure>\n\t\t\t\t\t\t\t\t\t<\/div>\n\t\t\t\t<\/div>\n\t\t\t\t\t<\/div>\n\t\t\t\t<\/div>\n\t\t\t\t<\/div>\n\t\t","protected":false},"excerpt":{"rendered":"<p>Unsere Leistungen \u2013 Rundum gut betreut Wir begleiten Sie von der ersten Idee bis zum fertigen Raum. Dabei stehen Qualit\u00e4t, Pr\u00e4zision und Kundenzufriedenheit f\u00fcr uns an erster Stelle. Ob Bodenbel\u00e4ge, Renovierung oder individuelle Projektl\u00f6sungen \u2013 wir sorgen daf\u00fcr, dass alles reibungslos umgesetzt wird. Entdecken Sie unsere Leistungen und erfahren Sie, wie wir Ihr Projekt effizient,&#8230;<\/p>\n","protected":false},"author":1,"featured_media":3032,"parent":0,"menu_order":0,"comment_status":"closed","ping_status":"closed","template":"","meta":{"_kad_post_transparent":"","_kad_post_title":"default","_kad_post_layout":"default","_kad_post_sidebar_id":"","_kad_post_content_style":"unboxed","_kad_post_vertical_padding":"default","_kad_post_feature":"default","_kad_post_feature_position":"","_kad_post_header":false,"_kad_post_footer":false,"footnotes":""},"class_list":["post-3304","page","type-page","status-publish","has-post-thumbnail","hentry"],"_links":{"self":[{"href":"https:\/\/fandishausmeister.de\/index.php\/wp-json\/wp\/v2\/pages\/3304","targetHints":{"allow":["GET"]}}],"collection":[{"href":"https:\/\/fandishausmeister.de\/index.php\/wp-json\/wp\/v2\/pages"}],"about":[{"href":"https:\/\/fandishausmeister.de\/index.php\/wp-json\/wp\/v2\/types\/page"}],"author":[{"embeddable":true,"href":"https:\/\/fandishausmeister.de\/index.php\/wp-json\/wp\/v2\/users\/1"}],"replies":[{"embeddable":true,"href":"https:\/\/fandishausmeister.de\/index.php\/wp-json\/wp\/v2\/comments?post=3304"}],"version-history":[{"count":14,"href":"https:\/\/fandishausmeister.de\/index.php\/wp-json\/wp\/v2\/pages\/3304\/revisions"}],"predecessor-version":[{"id":3448,"href":"https:\/\/fandishausmeister.de\/index.php\/wp-json\/wp\/v2\/pages\/3304\/revisions\/3448"}],"wp:featuredmedia":[{"embeddable":true,"href":"https:\/\/fandishausmeister.de\/index.php\/wp-json\/wp\/v2\/media\/3032"}],"wp:attachment":[{"href":"https:\/\/fandishausmeister.de\/index.php\/wp-json\/wp\/v2\/media?parent=3304"}],"curies":[{"name":"wp","href":"https:\/\/api.w.org\/{rel}","templated":true}]}}