{"id":32,"date":"2023-10-31T11:13:14","date_gmt":"2023-10-31T11:13:14","guid":{"rendered":"https:\/\/cms.code4rest.com\/wp15\/?page_id=32"},"modified":"2026-04-03T15:49:35","modified_gmt":"2026-04-03T15:49:35","slug":"ueber-uns","status":"publish","type":"page","link":"https:\/\/fandishausmeister.de\/index.php\/ueber-uns\/","title":{"rendered":"\u00dcber uns"},"content":{"rendered":"\t\t<div data-elementor-type=\"wp-page\" data-elementor-id=\"32\" class=\"elementor elementor-32\">\n\t\t\t\t\t\t<div class=\"elementor-section elementor-top-section elementor-element elementor-element-2395ccc elementor-section-boxed elementor-section-height-default elementor-section-height-default\" data-id=\"2395ccc\" data-element_type=\"section\" data-e-type=\"section\">\n\t\t\t\t\t\t<div class=\"elementor-container elementor-column-gap-default\">\n\t\t\t\t\t<div class=\"elementor-column elementor-col-50 elementor-top-column elementor-element elementor-element-4376ce8\" data-id=\"4376ce8\" data-element_type=\"column\" data-e-type=\"column\">\n\t\t\t<div class=\"elementor-widget-wrap elementor-element-populated\">\n\t\t\t\t\t\t<div class=\"elementor-element elementor-element-267beee elementor-widget__width-auto elementor-invisible elementor-widget elementor-widget-image\" data-id=\"267beee\" data-element_type=\"widget\" data-e-type=\"widget\" data-settings=\"{&quot;_animation&quot;:&quot;flash&quot;}\" data-widget_type=\"image.default\">\n\t\t\t\t\t\t\t\t\t\t\t\t\t\t\t<img fetchpriority=\"high\" decoding=\"async\" width=\"1024\" height=\"1024\" src=\"https:\/\/fandishausmeister.de\/wp-content\/uploads\/2026\/04\/Ueber-uns-Photoroom.jpg\" class=\"elementor-animation-hang attachment-full size-full wp-image-3394\" alt=\"\u00dcber uns\" srcset=\"https:\/\/fandishausmeister.de\/wp-content\/uploads\/2026\/04\/Ueber-uns-Photoroom.jpg 1024w, https:\/\/fandishausmeister.de\/wp-content\/uploads\/2026\/04\/Ueber-uns-Photoroom-300x300.jpg 300w, https:\/\/fandishausmeister.de\/wp-content\/uploads\/2026\/04\/Ueber-uns-Photoroom-150x150.jpg 150w, https:\/\/fandishausmeister.de\/wp-content\/uploads\/2026\/04\/Ueber-uns-Photoroom-768x768.jpg 768w\" sizes=\"(max-width: 1024px) 100vw, 1024px\" \/>\t\t\t\t\t\t\t\t\t\t\t\t\t\t\t<\/div>\n\t\t\t\t\t<\/div>\n\t\t<\/div>\n\t\t\t\t<div class=\"elementor-column elementor-col-50 elementor-top-column elementor-element elementor-element-3df6ded elementor-invisible\" data-id=\"3df6ded\" data-element_type=\"column\" data-e-type=\"column\" data-settings=\"{&quot;animation&quot;:&quot;flash&quot;}\">\n\t\t\t<div class=\"elementor-widget-wrap elementor-element-populated\">\n\t\t\t\t\t\t<div class=\"elementor-element elementor-element-e92ee21 elementor-widget elementor-widget-heading\" data-id=\"e92ee21\" data-element_type=\"widget\" data-e-type=\"widget\" data-settings=\"{&quot;_animation&quot;:&quot;none&quot;}\" data-widget_type=\"heading.default\">\n\t\t\t\t\t<h2 class=\"elementor-heading-title elementor-size-default\">Professionelle Reinigung in Kronau und Umgebung<\/h2>\t\t\t\t<\/div>\n\t\t\t\t<div class=\"elementor-element elementor-element-c822e4b elementor-widget elementor-widget-text-editor\" data-id=\"c822e4b\" data-element_type=\"widget\" data-e-type=\"widget\" data-settings=\"{&quot;_animation&quot;:&quot;none&quot;}\" data-widget_type=\"text-editor.default\">\n\t\t\t\t\t\t\t\t\t<p class=\"Textbody\"><span style=\"font-family: 'Arial',sans-serif;\">Wir sind ein <span class=\"StrongEmphasis\">junges und zuverl\u00e4ssiges Reinigungsunternehmen mit Sitz in Kronau<\/span>, das sich auf professionelle Reinigungsdienstleistungen f\u00fcr Privat- und Gesch\u00e4ftskunden spezialisiert hat. Unser Ziel ist es, f\u00fcr <span class=\"StrongEmphasis\">Sauberkeit, Hygiene und zufriedene Kunden<\/span> zu sorgen.<\/span><\/p><p class=\"Textbody\"><span style=\"font-family: 'Arial',sans-serif;\">Unser Leistungsangebot umfasst <span class=\"StrongEmphasis\">Fensterreinigung, Unterhaltsreinigung, Grundreinigung sowie Garten- und Winterdienst<\/span>. Egal ob B\u00fcro, Treppenhaus, Wohnung oder Au\u00dfenanlage \u2013 wir sorgen mit <span class=\"StrongEmphasis\">modernen Ger\u00e4ten und professionellen Reinigungsmethoden<\/span> f\u00fcr gr\u00fcndliche und zuverl\u00e4ssige Ergebnisse.<\/span><\/p><p class=\"Textbody\"><span style=\"font-family: 'Arial',sans-serif;\">Als regionaler Dienstleister legen wir gro\u00dfen Wert auf <span class=\"StrongEmphasis\">Qualit\u00e4t, Zuverl\u00e4ssigkeit und flexible Termine<\/span>. Wir passen unsere Reinigungsleistungen individuell an die Bed\u00fcrfnisse unserer Kunden an und arbeiten stets sorgf\u00e4ltig und effizient.<\/span><\/p><p class=\"Textbody\"><span style=\"font-family: 'Arial',sans-serif;\">Wenn Sie eine <span class=\"StrongEmphasis\">zuverl\u00e4ssige Reinigung in Kronau und Umgebung<\/span> suchen, sind wir Ihr kompetenter Partner f\u00fcr Sauberkeit und Pflege von Geb\u00e4uden und Au\u00dfenanlagen.<\/span><\/p><p class=\"Textbody\"><span class=\"StrongEmphasis\"><span style=\"font-family: 'Arial',sans-serif;\">Kontaktieren Sie uns gerne f\u00fcr ein unverbindliches Angebot.<\/span><\/span><\/p>\t\t\t\t\t\t\t\t<\/div>\n\t\t\t\t\t<\/div>\n\t\t<\/div>\n\t\t\t\t\t<\/div>\n\t\t<\/div>\n\t\t\t\t<div class=\"elementor-section elementor-top-section elementor-element elementor-element-5f0ed88 our-service hover-zoom animated-slow elementor-section-stretched elementor-hidden-desktop elementor-hidden-tablet elementor-hidden-mobile elementor-section-boxed elementor-section-height-default elementor-section-height-default elementor-invisible\" data-id=\"5f0ed88\" data-element_type=\"section\" data-e-type=\"section\" data-settings=\"{&quot;background_background&quot;:&quot;classic&quot;,&quot;animation&quot;:&quot;fadeIn&quot;,&quot;stretch_section&quot;:&quot;section-stretched&quot;}\">\n\t\t\t\t\t\t<div class=\"elementor-container elementor-column-gap-default\">\n\t\t\t\t\t<div class=\"elementor-column elementor-col-100 elementor-top-column elementor-element elementor-element-39b5c04 elementor-invisible\" data-id=\"39b5c04\" data-element_type=\"column\" data-e-type=\"column\" data-settings=\"{&quot;animation&quot;:&quot;flash&quot;}\">\n\t\t\t<div class=\"elementor-widget-wrap elementor-element-populated\">\n\t\t\t\t\t\t<div class=\"elementor-element elementor-element-27182ed elementor-widget elementor-widget-text-editor\" data-id=\"27182ed\" data-element_type=\"widget\" data-e-type=\"widget\" data-settings=\"{&quot;_animation&quot;:&quot;none&quot;}\" data-widget_type=\"text-editor.default\">\n\t\t\t\t\t\t\t\t\t<p>Our Services<\/p>\t\t\t\t\t\t\t\t<\/div>\n\t\t\t\t<div class=\"elementor-element elementor-element-9ef628f elementor-widget elementor-widget-heading\" data-id=\"9ef628f\" data-element_type=\"widget\" data-e-type=\"widget\" data-widget_type=\"heading.default\">\n\t\t\t\t\t<h2 class=\"elementor-heading-title elementor-size-default\">United Way To Best Services<\/h2>\t\t\t\t<\/div>\n\t\t\t\t<section class=\"elementor-section elementor-inner-section elementor-element elementor-element-ebb7bd2 box-heading elementor-section-boxed elementor-section-height-default elementor-section-height-default\" data-id=\"ebb7bd2\" data-element_type=\"section\" data-e-type=\"section\">\n\t\t\t\t\t\t<div class=\"elementor-container elementor-column-gap-default\">\n\t\t\t\t\t<div class=\"elementor-column elementor-col-33 elementor-inner-column elementor-element elementor-element-e116413\" data-id=\"e116413\" data-element_type=\"column\" data-e-type=\"column\" data-settings=\"{&quot;background_background&quot;:&quot;classic&quot;}\">\n\t\t\t<div class=\"elementor-widget-wrap elementor-element-populated\">\n\t\t\t\t\t\t<div class=\"elementor-element elementor-element-08da391 hover-zoom elementor-position-top elementor-widget elementor-widget-image-box\" data-id=\"08da391\" data-element_type=\"widget\" data-e-type=\"widget\" data-settings=\"{&quot;_animation&quot;:&quot;none&quot;}\" data-widget_type=\"image-box.default\">\n\t\t\t\t\t<div class=\"elementor-image-box-wrapper\"><figure class=\"elementor-image-box-img\"><img decoding=\"async\" src=\"https:\/\/cms.code4rest.com\/wp15\/wp-content\/uploads\/2023\/11\/ser-01.jpg\" title=\"\" alt=\"\" class=\"elementor-animation-grow\" loading=\"lazy\" \/><\/figure><div class=\"elementor-image-box-content\"><h3 class=\"elementor-image-box-title\">House Cleaning<\/h3><\/div><\/div>\t\t\t\t<\/div>\n\t\t\t\t<div class=\"elementor-element elementor-element-5dfd6f0 elementor-widget elementor-widget-text-editor\" data-id=\"5dfd6f0\" data-element_type=\"widget\" data-e-type=\"widget\" data-settings=\"{&quot;_animation&quot;:&quot;none&quot;}\" data-widget_type=\"text-editor.default\">\n\t\t\t\t\t\t\t\t\t<p>We have been installing boilers and team of qualified Gas Safe<\/p>\t\t\t\t\t\t\t\t<\/div>\n\t\t\t\t\t<\/div>\n\t\t<\/div>\n\t\t\t\t<div class=\"elementor-column elementor-col-33 elementor-inner-column elementor-element elementor-element-cdd26be\" data-id=\"cdd26be\" data-element_type=\"column\" data-e-type=\"column\" data-settings=\"{&quot;background_background&quot;:&quot;classic&quot;}\">\n\t\t\t<div class=\"elementor-widget-wrap elementor-element-populated\">\n\t\t\t\t\t\t<div class=\"elementor-element elementor-element-d99c8a4 hover-zoom elementor-position-top elementor-widget elementor-widget-image-box\" data-id=\"d99c8a4\" data-element_type=\"widget\" data-e-type=\"widget\" data-settings=\"{&quot;_animation&quot;:&quot;none&quot;}\" data-widget_type=\"image-box.default\">\n\t\t\t\t\t<div class=\"elementor-image-box-wrapper\"><figure class=\"elementor-image-box-img\"><img decoding=\"async\" src=\"https:\/\/cms.code4rest.com\/wp15\/wp-content\/uploads\/2023\/11\/ser-02.jpg\" title=\"\" alt=\"\" class=\"elementor-animation-grow\" loading=\"lazy\" \/><\/figure><div class=\"elementor-image-box-content\"><h3 class=\"elementor-image-box-title\">Office Cleaning<\/h3><\/div><\/div>\t\t\t\t<\/div>\n\t\t\t\t<div class=\"elementor-element elementor-element-bc1617a elementor-widget elementor-widget-text-editor\" data-id=\"bc1617a\" data-element_type=\"widget\" data-e-type=\"widget\" data-settings=\"{&quot;_animation&quot;:&quot;none&quot;}\" data-widget_type=\"text-editor.default\">\n\t\t\t\t\t\t\t\t\t<p>We have been installing boilers and team of qualified Gas Safe<\/p>\t\t\t\t\t\t\t\t<\/div>\n\t\t\t\t\t<\/div>\n\t\t<\/div>\n\t\t\t\t<div class=\"elementor-column elementor-col-33 elementor-inner-column elementor-element elementor-element-fd13e20\" data-id=\"fd13e20\" data-element_type=\"column\" data-e-type=\"column\" data-settings=\"{&quot;background_background&quot;:&quot;classic&quot;}\">\n\t\t\t<div class=\"elementor-widget-wrap elementor-element-populated\">\n\t\t\t\t\t\t<div class=\"elementor-element elementor-element-fc87a2f hover-zoom elementor-position-top elementor-widget elementor-widget-image-box\" data-id=\"fc87a2f\" data-element_type=\"widget\" data-e-type=\"widget\" data-settings=\"{&quot;_animation&quot;:&quot;none&quot;}\" data-widget_type=\"image-box.default\">\n\t\t\t\t\t<div class=\"elementor-image-box-wrapper\"><figure class=\"elementor-image-box-img\"><img decoding=\"async\" src=\"https:\/\/cms.code4rest.com\/wp15\/wp-content\/uploads\/2023\/11\/ser-03.jpg\" title=\"\" alt=\"\" class=\"elementor-animation-grow\" loading=\"lazy\" \/><\/figure><div class=\"elementor-image-box-content\"><h3 class=\"elementor-image-box-title\">Kitchen Cleaning<\/h3><\/div><\/div>\t\t\t\t<\/div>\n\t\t\t\t<div class=\"elementor-element elementor-element-9738e23 elementor-widget elementor-widget-text-editor\" data-id=\"9738e23\" data-element_type=\"widget\" data-e-type=\"widget\" data-settings=\"{&quot;_animation&quot;:&quot;none&quot;}\" data-widget_type=\"text-editor.default\">\n\t\t\t\t\t\t\t\t\t<p>We have been installing boilers and team of qualified Gas Safe<\/p>\t\t\t\t\t\t\t\t<\/div>\n\t\t\t\t\t<\/div>\n\t\t<\/div>\n\t\t\t\t\t<\/div>\n\t\t<\/section>\n\t\t\t\t\t<\/div>\n\t\t<\/div>\n\t\t\t\t\t<\/div>\n\t\t<\/div>\n\t\t\t\t<div class=\"elementor-section elementor-top-section elementor-element elementor-element-2f1f75f our-team elementor-hidden-desktop elementor-hidden-tablet elementor-hidden-mobile elementor-section-boxed elementor-section-height-default elementor-section-height-default\" data-id=\"2f1f75f\" data-element_type=\"section\" data-e-type=\"section\">\n\t\t\t\t\t\t<div class=\"elementor-container elementor-column-gap-default\">\n\t\t\t\t\t<div class=\"elementor-column elementor-col-100 elementor-top-column elementor-element elementor-element-e8dec74\" data-id=\"e8dec74\" data-element_type=\"column\" data-e-type=\"column\">\n\t\t\t<div class=\"elementor-widget-wrap elementor-element-populated\">\n\t\t\t\t\t\t<section class=\"elementor-section elementor-inner-section elementor-element elementor-element-bcecaea elementor-section-boxed elementor-section-height-default elementor-section-height-default elementor-invisible\" data-id=\"bcecaea\" data-element_type=\"section\" data-e-type=\"section\" data-settings=\"{&quot;animation&quot;:&quot;flash&quot;}\">\n\t\t\t\t\t\t<div class=\"elementor-container elementor-column-gap-default\">\n\t\t\t\t\t<div class=\"elementor-column elementor-col-100 elementor-inner-column elementor-element elementor-element-74833f2\" data-id=\"74833f2\" data-element_type=\"column\" data-e-type=\"column\">\n\t\t\t<div class=\"elementor-widget-wrap elementor-element-populated\">\n\t\t\t\t\t\t<div class=\"elementor-element elementor-element-8dbb288 elementor-widget elementor-widget-text-editor\" data-id=\"8dbb288\" data-element_type=\"widget\" data-e-type=\"widget\" data-widget_type=\"text-editor.default\">\n\t\t\t\t\t\t\t\t\t<p>Our Team<\/p>\t\t\t\t\t\t\t\t<\/div>\n\t\t\t\t<div class=\"elementor-element elementor-element-f2662e2 animated-slow elementor-widget elementor-widget-heading\" data-id=\"f2662e2\" data-element_type=\"widget\" data-e-type=\"widget\" data-settings=\"{&quot;_animation&quot;:&quot;none&quot;}\" data-widget_type=\"heading.default\">\n\t\t\t\t\t<h2 class=\"elementor-heading-title elementor-size-default\">Meet The Our Dedicated Team<\/h2>\t\t\t\t<\/div>\n\t\t\t\t\t<\/div>\n\t\t<\/div>\n\t\t\t\t\t<\/div>\n\t\t<\/section>\n\t\t\t\t<section class=\"elementor-section elementor-inner-section elementor-element elementor-element-e760d65 elementor-section-boxed elementor-section-height-default elementor-section-height-default\" data-id=\"e760d65\" data-element_type=\"section\" data-e-type=\"section\">\n\t\t\t\t\t\t<div class=\"elementor-container elementor-column-gap-default\">\n\t\t\t\t\t<div class=\"elementor-column elementor-col-25 elementor-inner-column elementor-element elementor-element-c8a5575\" data-id=\"c8a5575\" data-element_type=\"column\" data-e-type=\"column\" data-settings=\"{&quot;background_background&quot;:&quot;classic&quot;}\">\n\t\t\t<div class=\"elementor-widget-wrap elementor-element-populated\">\n\t\t\t\t\t\t<div class=\"elementor-element elementor-element-535a59f  hover-zoom elementor-position-top elementor-invisible elementor-widget elementor-widget-image-box\" data-id=\"535a59f\" data-element_type=\"widget\" data-e-type=\"widget\" data-settings=\"{&quot;_animation&quot;:&quot;flash&quot;}\" data-widget_type=\"image-box.default\">\n\t\t\t\t\t<div class=\"elementor-image-box-wrapper\"><figure class=\"elementor-image-box-img\"><img decoding=\"async\" src=\"https:\/\/cms.code4rest.com\/wp15\/wp-content\/uploads\/2023\/11\/team-01.jpg\" title=\"\" alt=\"\" class=\"elementor-animation-grow\" loading=\"lazy\" \/><\/figure><div class=\"elementor-image-box-content\"><h3 class=\"elementor-image-box-title\">Marry<\/h3><p class=\"elementor-image-box-description\">Sr. Cleaner<\/p><\/div><\/div>\t\t\t\t<\/div>\n\t\t\t\t\t<\/div>\n\t\t<\/div>\n\t\t\t\t<div class=\"elementor-column elementor-col-25 elementor-inner-column elementor-element elementor-element-7d65c77\" data-id=\"7d65c77\" data-element_type=\"column\" data-e-type=\"column\" data-settings=\"{&quot;background_background&quot;:&quot;classic&quot;}\">\n\t\t\t<div class=\"elementor-widget-wrap elementor-element-populated\">\n\t\t\t\t\t\t<div class=\"elementor-element elementor-element-21f6d7c  hover-zoom elementor-position-top elementor-invisible elementor-widget elementor-widget-image-box\" data-id=\"21f6d7c\" data-element_type=\"widget\" data-e-type=\"widget\" data-settings=\"{&quot;_animation&quot;:&quot;flash&quot;}\" data-widget_type=\"image-box.default\">\n\t\t\t\t\t<div class=\"elementor-image-box-wrapper\"><figure class=\"elementor-image-box-img\"><img decoding=\"async\" src=\"https:\/\/cms.code4rest.com\/wp15\/wp-content\/uploads\/2023\/11\/team-02.jpg\" title=\"\" alt=\"\" class=\"elementor-animation-grow\" loading=\"lazy\" \/><\/figure><div class=\"elementor-image-box-content\"><h3 class=\"elementor-image-box-title\">Robert<\/h3><p class=\"elementor-image-box-description\">Cleaner<\/p><\/div><\/div>\t\t\t\t<\/div>\n\t\t\t\t\t<\/div>\n\t\t<\/div>\n\t\t\t\t<div class=\"elementor-column elementor-col-25 elementor-inner-column elementor-element elementor-element-f4022b3\" data-id=\"f4022b3\" data-element_type=\"column\" data-e-type=\"column\" data-settings=\"{&quot;background_background&quot;:&quot;classic&quot;}\">\n\t\t\t<div class=\"elementor-widget-wrap elementor-element-populated\">\n\t\t\t\t\t\t<div class=\"elementor-element elementor-element-f05b951  hover-zoom elementor-position-top elementor-invisible elementor-widget elementor-widget-image-box\" data-id=\"f05b951\" data-element_type=\"widget\" data-e-type=\"widget\" data-settings=\"{&quot;_animation&quot;:&quot;flash&quot;}\" data-widget_type=\"image-box.default\">\n\t\t\t\t\t<div class=\"elementor-image-box-wrapper\"><figure class=\"elementor-image-box-img\"><img decoding=\"async\" src=\"https:\/\/cms.code4rest.com\/wp15\/wp-content\/uploads\/2023\/11\/team-03.jpg\" title=\"\" alt=\"\" class=\"elementor-animation-grow\" loading=\"lazy\" \/><\/figure><div class=\"elementor-image-box-content\"><h3 class=\"elementor-image-box-title\">Mick<\/h3><p class=\"elementor-image-box-description\">Sr. Cleaner<\/p><\/div><\/div>\t\t\t\t<\/div>\n\t\t\t\t\t<\/div>\n\t\t<\/div>\n\t\t\t\t<div class=\"elementor-column elementor-col-25 elementor-inner-column elementor-element elementor-element-5c33f0c\" data-id=\"5c33f0c\" data-element_type=\"column\" data-e-type=\"column\" data-settings=\"{&quot;background_background&quot;:&quot;classic&quot;}\">\n\t\t\t<div class=\"elementor-widget-wrap elementor-element-populated\">\n\t\t\t\t\t\t<div class=\"elementor-element elementor-element-dbdb0de  hover-zoom elementor-position-top elementor-invisible elementor-widget elementor-widget-image-box\" data-id=\"dbdb0de\" data-element_type=\"widget\" data-e-type=\"widget\" data-settings=\"{&quot;_animation&quot;:&quot;flash&quot;}\" data-widget_type=\"image-box.default\">\n\t\t\t\t\t<div class=\"elementor-image-box-wrapper\"><figure class=\"elementor-image-box-img\"><img decoding=\"async\" src=\"https:\/\/cms.code4rest.com\/wp15\/wp-content\/uploads\/2023\/11\/team-04.jpg\" title=\"\" alt=\"\" class=\"elementor-animation-grow\" loading=\"lazy\" \/><\/figure><div class=\"elementor-image-box-content\"><h3 class=\"elementor-image-box-title\">Cerry<\/h3><p class=\"elementor-image-box-description\">Cleaner<\/p><\/div><\/div>\t\t\t\t<\/div>\n\t\t\t\t\t<\/div>\n\t\t<\/div>\n\t\t\t\t\t<\/div>\n\t\t<\/section>\n\t\t\t\t\t<\/div>\n\t\t<\/div>\n\t\t\t\t\t<\/div>\n\t\t<\/div>\n\t\t\t\t<\/div>\n\t\t","protected":false},"excerpt":{"rendered":"<p>Professionelle Reinigung in Kronau und Umgebung Wir sind ein junges und zuverl\u00e4ssiges Reinigungsunternehmen mit Sitz in Kronau, das sich auf professionelle Reinigungsdienstleistungen f\u00fcr Privat- und Gesch\u00e4ftskunden spezialisiert hat. Unser Ziel ist es, f\u00fcr Sauberkeit, Hygiene und zufriedene Kunden zu sorgen. Unser Leistungsangebot umfasst Fensterreinigung, Unterhaltsreinigung, Grundreinigung sowie Garten- und Winterdienst. Egal ob B\u00fcro, Treppenhaus, Wohnung&#8230;<\/p>\n","protected":false},"author":1,"featured_media":3032,"parent":0,"menu_order":0,"comment_status":"closed","ping_status":"closed","template":"","meta":{"_kad_post_transparent":"","_kad_post_title":"default","_kad_post_layout":"default","_kad_post_sidebar_id":"","_kad_post_content_style":"unboxed","_kad_post_vertical_padding":"default","_kad_post_feature":"default","_kad_post_feature_position":"","_kad_post_header":false,"_kad_post_footer":false,"footnotes":""},"class_list":["post-32","page","type-page","status-publish","has-post-thumbnail","hentry"],"_links":{"self":[{"href":"https:\/\/fandishausmeister.de\/index.php\/wp-json\/wp\/v2\/pages\/32","targetHints":{"allow":["GET"]}}],"collection":[{"href":"https:\/\/fandishausmeister.de\/index.php\/wp-json\/wp\/v2\/pages"}],"about":[{"href":"https:\/\/fandishausmeister.de\/index.php\/wp-json\/wp\/v2\/types\/page"}],"author":[{"embeddable":true,"href":"https:\/\/fandishausmeister.de\/index.php\/wp-json\/wp\/v2\/users\/1"}],"replies":[{"embeddable":true,"href":"https:\/\/fandishausmeister.de\/index.php\/wp-json\/wp\/v2\/comments?post=32"}],"version-history":[{"count":5,"href":"https:\/\/fandishausmeister.de\/index.php\/wp-json\/wp\/v2\/pages\/32\/revisions"}],"predecessor-version":[{"id":3397,"href":"https:\/\/fandishausmeister.de\/index.php\/wp-json\/wp\/v2\/pages\/32\/revisions\/3397"}],"wp:featuredmedia":[{"embeddable":true,"href":"https:\/\/fandishausmeister.de\/index.php\/wp-json\/wp\/v2\/media\/3032"}],"wp:attachment":[{"href":"https:\/\/fandishausmeister.de\/index.php\/wp-json\/wp\/v2\/media?parent=32"}],"curies":[{"name":"wp","href":"https:\/\/api.w.org\/{rel}","templated":true}]}}